{"id":2,"date":"2014-07-18T22:00:23","date_gmt":"2014-07-18T20:00:23","guid":{"rendered":"http:\/\/http:\/\/lesterrassesdelamadeleine.fr\/"},"modified":"2014-07-20T21:55:34","modified_gmt":"2014-07-20T19:55:34","slug":"sample-page","status":"publish","type":"page","link":"https:\/\/lesterrassesdelamadeleine.fr\/?page_id=2","title":{"rendered":"Le Syndic"},"content":{"rendered":"<p style=\"text-align: center;\"><span style=\"color: #00ccff;\"><strong>EQUIT IMMOBILIER<\/strong><\/span><br \/>\n<span style=\"color: #00ccff;\"> <strong>10, rue de Cambrai<\/strong><\/span><br \/>\n<span style=\"color: #00ccff;\"> <strong>62000 ARRAS<\/strong><\/span><br \/>\n<span style=\"color: #00ccff;\"> <strong>03 21 15 61 36<\/strong><\/span><br \/>\n<a href=\"http:\/\/www.equit-immobilier.fr\" target=\"_blank\">www.equit-immobilier.fr<\/a><\/p>\n<p style=\"text-align: center;\"><strong>Responsable : Madame Lauredana ZACCARIA<\/strong><\/p>\n<p><strong>ROLE DU SYNDIC :<\/strong><\/p>\n<p>Le Syndic est le repr\u00e9sentant l\u00e9gal du syndicat des copropri\u00e9taires.<br \/>\n\u00c0 ce titre, il est notamment tenu de g\u00e9rer l&rsquo;administration et les finances de la copropri\u00e9t\u00e9.<\/p>\n<h3><strong><span style=\"text-decoration: underline;\">Gestion administrative :<\/span><\/strong><\/h3>\n<p>Le Syndic doit assurer la gestion administrative de la copropri\u00e9t\u00e9.<\/p>\n<p style=\"text-align: justify;\">Dans ce cadre, il doit :<br \/>\n&#8211; \u00e9tablir une fiche d&rsquo;information synth\u00e9tique sur la copropri\u00e9t\u00e9 et la tenir \u00e0 jour,<br \/>\n&#8211; faire ex\u00e9cuter le r\u00e8glement de copropri\u00e9t\u00e9 et les d\u00e9cisions de l&rsquo;assembl\u00e9e g\u00e9n\u00e9rale,<br \/>\n&#8211; administrer l&rsquo;immeuble, assurer sa conservation, sa garde, son entretien et, en cas \u00a0d&rsquo;urgence, faire ex\u00e9cuter les travaux n\u00e9cessaires en vue de sa sauvegarde,<br \/>\n&#8211; \u00a0repr\u00e9senter le syndicat en justice,<br \/>\n&#8211; \u00e9tablir, tenir \u00e0 jour et la disposition des copropri\u00e9taires le carnet d&rsquo;entretien de l&rsquo;immeuble,<br \/>\n&#8211; proc\u00e9der \u00e0 l&rsquo;immatriculation de la copropri\u00e9t\u00e9,<br \/>\n&#8211; informer les occupants de l&rsquo;immeuble (propri\u00e9taires et locataires) des d\u00e9cisions prises en assembl\u00e9e g\u00e9n\u00e9rale.<\/p>\n<p>Il doit par ailleurs obligatoirement organiser un vote pour ent\u00e9riner les d\u00e9cisions suivantes :<\/p>\n<p>&#8211; souscription d&rsquo;un contrat d&rsquo;assurance responsabilit\u00e9 civile du syndicat (en cas de refus, le syndic peut souscrire cette assurance pour le compte du syndicat),<br \/>\n-d\u00e9l\u00e9gation \u00e0 une entreprise sp\u00e9cialis\u00e9e de la gestion des archives du syndicat des copropri\u00e9taires (aux frais de ce dernier),<br \/>\n-signature d&rsquo;un contrat avec le syndic ou toute entreprise ou prestataire qui lui est li\u00e9.<\/p>\n<p>\u00c0 noter : \u00e0 partir de 2015, le syndic professionnel devra proposer aux copropri\u00e9taires un acc\u00e8s en ligne s\u00e9curis\u00e9 des documents relatifs \u00e0 la gestion de l&rsquo;immeuble et des lots, sauf d\u00e9cision contraire de l&rsquo;assembl\u00e9e g\u00e9n\u00e9rale.<\/p>\n<h3><strong><span style=\"text-decoration: underline;\">Gestion comptable et financi\u00e8re :<\/span><\/strong><\/h3>\n<p>Le Syndic est par ailleurs tenu d&rsquo;assurer la gestion comptable et financi\u00e8re de la copropri\u00e9t\u00e9.<\/p>\n<p>Dans ce cadre il doit :<br \/>\n&#8211; \u00e9tablir le budget pr\u00e9visionnel, les comptes du syndicat et leurs annexes,et les soumettre au vote des copropri\u00e9taires,<br \/>\n&#8211; ouvrir un compte bancaire ou postal s\u00e9par\u00e9 au nom du syndicat (sauf si l&rsquo;assembl\u00e9e g\u00e9n\u00e9rale en d\u00e9cide autrement)<br \/>\n&#8211; organiser un vote, lors de sa nomination puis au moins tous les 3 ans, concernant la constitution d&rsquo;une r\u00e9serve sp\u00e9ciale destin\u00e9e \u00e0 l&rsquo;entretien et la conservation de l&rsquo;immeuble.<\/p>\n<p>Attention : le Syndic n&rsquo;a pas le droit d&rsquo;avancer des fonds au syndicat de copropri\u00e9taire, sauf s&rsquo;il s&rsquo;agit d&rsquo;un syndic provisoire.<\/p>\n<p>&nbsp;<\/p>\n","protected":false},"excerpt":{"rendered":"<p>EQUIT IMMOBILIER 10, rue de Cambrai 62000 ARRAS 03 21 15 61 36 www.equit-immobilier.fr Responsable : Madame Lauredana ZACCARIA ROLE DU SYNDIC : Le Syndic est le repr\u00e9sentant l\u00e9gal du syndicat des copropri\u00e9taires. \u00c0 ce titre, il est notamment tenu &hellip; <a href=\"https:\/\/lesterrassesdelamadeleine.fr\/?page_id=2\">Continuer la lecture <span class=\"meta-nav\">&rarr;<\/span><\/a><\/p>\n","protected":false},"author":1,"featured_media":0,"parent":41,"menu_order":0,"comment_status":"open","ping_status":"closed","template":"","meta":{"footnotes":""},"class_list":["post-2","page","type-page","status-publish","hentry"],"_links":{"self":[{"href":"https:\/\/lesterrassesdelamadeleine.fr\/index.php?rest_route=\/wp\/v2\/pages\/2","targetHints":{"allow":["GET"]}}],"collection":[{"href":"https:\/\/lesterrassesdelamadeleine.fr\/index.php?rest_route=\/wp\/v2\/pages"}],"about":[{"href":"https:\/\/lesterrassesdelamadeleine.fr\/index.php?rest_route=\/wp\/v2\/types\/page"}],"author":[{"embeddable":true,"href":"https:\/\/lesterrassesdelamadeleine.fr\/index.php?rest_route=\/wp\/v2\/users\/1"}],"replies":[{"embeddable":true,"href":"https:\/\/lesterrassesdelamadeleine.fr\/index.php?rest_route=%2Fwp%2Fv2%2Fcomments&post=2"}],"version-history":[{"count":7,"href":"https:\/\/lesterrassesdelamadeleine.fr\/index.php?rest_route=\/wp\/v2\/pages\/2\/revisions"}],"predecessor-version":[{"id":48,"href":"https:\/\/lesterrassesdelamadeleine.fr\/index.php?rest_route=\/wp\/v2\/pages\/2\/revisions\/48"}],"up":[{"embeddable":true,"href":"https:\/\/lesterrassesdelamadeleine.fr\/index.php?rest_route=\/wp\/v2\/pages\/41"}],"wp:attachment":[{"href":"https:\/\/lesterrassesdelamadeleine.fr\/index.php?rest_route=%2Fwp%2Fv2%2Fmedia&parent=2"}],"curies":[{"name":"wp","href":"https:\/\/api.w.org\/{rel}","templated":true}]}}