{"id":35,"date":"2014-07-20T19:11:53","date_gmt":"2014-07-20T17:11:53","guid":{"rendered":"http:\/\/lesterrassesdelamadeleine.fr\/?page_id=35"},"modified":"2014-07-20T20:39:38","modified_gmt":"2014-07-20T18:39:38","slug":"le-syndicat-de-copropriete","status":"publish","type":"page","link":"https:\/\/lesterrassesdelamadeleine.fr\/?page_id=35","title":{"rendered":"Le Syndicat de Copropri\u00e9t\u00e9"},"content":{"rendered":"<p><span style=\"text-decoration: underline;\"><strong>Composition :\u00a0<\/strong><\/span><\/p>\n<p>Dans un immeuble, le syndicat de la copropri\u00e9t\u00e9 est compos\u00e9 de l&rsquo;ensemble des copropri\u00e9taires du b\u00e2timent.<\/p>\n<p>Cette collectivit\u00e9 est constitu\u00e9e sans formalit\u00e9 particuli\u00e8re et dispose d&rsquo;une personnalit\u00e9 civile propre, distincte de celle de chaque copropri\u00e9taire.<\/p>\n<p>Lorsque la copropri\u00e9t\u00e9 est compos\u00e9e de plusieurs b\u00e2timents, plusieurs syndicats secondaires peuvent coexister en plus du syndicat principal.<\/p>\n<p>\u00c0 savoir : le syndicat est tenu de s&rsquo;assurer contre les risques de responsabilit\u00e9 civile tout comme chaque copropri\u00e9taire, qu&rsquo;il soit bailleur ou occupant.<\/p>\n<p><span style=\"text-decoration: underline;\"><strong>R\u00f4le :<\/strong><\/span><\/p>\n<p>Le syndicat a pour principale mission de veiller \u00e0 la conservation de l&rsquo;immeuble et \u00e0 l&rsquo;administration de l&rsquo;immeuble.<\/p>\n<p>Dans ce cadre, il d\u00e9cide notamment :<\/p>\n<p>du budget pr\u00e9visionnel annuel,<br \/>\ndes travaux n\u00e9cessaires au sein de la copropri\u00e9t\u00e9,<br \/>\ndes actes d&rsquo;acquisition ou de vente pour le compte de la copropri\u00e9t\u00e9,<br \/>\nde la souscription d&rsquo;un pr\u00eat bancaire collectif,<br \/>\ndu changement de syndic,<br \/>\ndes modifications \u00e9ventuelles au r\u00e8glement de copropri\u00e9t\u00e9.<\/p>\n<p>Les d\u00e9cisions du syndicat des copropri\u00e9taires doivent \u00eatre prises en assembl\u00e9e g\u00e9n\u00e9rale des copropri\u00e9taires au cours d&rsquo;un vote et ex\u00e9cut\u00e9es par le syndic de copropri\u00e9t\u00e9.<\/p>\n<p><span style=\"text-decoration: underline;\"><strong>Responsabilit\u00e9 :<\/strong><\/span><\/p>\n<p>Le syndicat de copropri\u00e9taires est responsable des dommages caus\u00e9s du fait d&rsquo;un vice de construction ou d&rsquo;un d\u00e9faut d&rsquo;entretien de l&rsquo;immeuble \u00e0 l&rsquo;\u00e9gard :<br \/>\ndes copropri\u00e9taires,<br \/>\ndu personnel qu&rsquo;il emploie (gardien de l&rsquo;immeuble, femme de m\u00e9nage&#8230;),<br \/>\ndes tiers (locataires notamment).<\/p>\n<p>Par exemple, le retard pris par un syndicat \u00e0 r\u00e9parer les parties communes peut justifier sa condamnation \u00e0 indemniser le propri\u00e9taire de locaux commerciaux qui s&rsquo;est trouv\u00e9 dans l&rsquo;impossibilit\u00e9 de r\u00e9aliser des travaux d&rsquo;am\u00e9nagements int\u00e9rieurs et n&rsquo;a pu donner ses locaux en location.<\/p>\n<p>La responsabilit\u00e9 du syndicat peut \u00eatre engag\u00e9e devant le tribunal de grande instance.<\/p>\n<p>Le syndicat des copropri\u00e9taires peut agir en justice pour le compte de la copropri\u00e9t\u00e9 \u00e0 l&rsquo;encontre notamment :<br \/>\nd&rsquo;un copropri\u00e9taire (non respect du r\u00e8glement de copropri\u00e9t\u00e9 ou impay\u00e9s de charges par exemple),<br \/>\nd&rsquo;un tiers (fournisseur, prestataire, artisan&#8230;).<\/p>\n<p>\u00c0 noter : en pratique, le Syndic peut \u00eatre autoris\u00e9 par une d\u00e9cision prise en assembl\u00e9e g\u00e9n\u00e9rale \u00e0 agir au nom du syndicat.<\/p>\n<p>&nbsp;<\/p>\n","protected":false},"excerpt":{"rendered":"<p>Composition :\u00a0 Dans un immeuble, le syndicat de la copropri\u00e9t\u00e9 est compos\u00e9 de l&rsquo;ensemble des copropri\u00e9taires du b\u00e2timent. Cette collectivit\u00e9 est constitu\u00e9e sans formalit\u00e9 particuli\u00e8re et dispose d&rsquo;une personnalit\u00e9 civile propre, distincte de celle de chaque copropri\u00e9taire. Lorsque la copropri\u00e9t\u00e9 &hellip; <a href=\"https:\/\/lesterrassesdelamadeleine.fr\/?page_id=35\">Continuer la lecture <span class=\"meta-nav\">&rarr;<\/span><\/a><\/p>\n","protected":false},"author":1,"featured_media":0,"parent":41,"menu_order":0,"comment_status":"open","ping_status":"closed","template":"","meta":{"footnotes":""},"class_list":["post-35","page","type-page","status-publish","hentry"],"_links":{"self":[{"href":"https:\/\/lesterrassesdelamadeleine.fr\/index.php?rest_route=\/wp\/v2\/pages\/35","targetHints":{"allow":["GET"]}}],"collection":[{"href":"https:\/\/lesterrassesdelamadeleine.fr\/index.php?rest_route=\/wp\/v2\/pages"}],"about":[{"href":"https:\/\/lesterrassesdelamadeleine.fr\/index.php?rest_route=\/wp\/v2\/types\/page"}],"author":[{"embeddable":true,"href":"https:\/\/lesterrassesdelamadeleine.fr\/index.php?rest_route=\/wp\/v2\/users\/1"}],"replies":[{"embeddable":true,"href":"https:\/\/lesterrassesdelamadeleine.fr\/index.php?rest_route=%2Fwp%2Fv2%2Fcomments&post=35"}],"version-history":[{"count":1,"href":"https:\/\/lesterrassesdelamadeleine.fr\/index.php?rest_route=\/wp\/v2\/pages\/35\/revisions"}],"predecessor-version":[{"id":37,"href":"https:\/\/lesterrassesdelamadeleine.fr\/index.php?rest_route=\/wp\/v2\/pages\/35\/revisions\/37"}],"up":[{"embeddable":true,"href":"https:\/\/lesterrassesdelamadeleine.fr\/index.php?rest_route=\/wp\/v2\/pages\/41"}],"wp:attachment":[{"href":"https:\/\/lesterrassesdelamadeleine.fr\/index.php?rest_route=%2Fwp%2Fv2%2Fmedia&parent=35"}],"curies":[{"name":"wp","href":"https:\/\/api.w.org\/{rel}","templated":true}]}}