{"id":44,"date":"2014-07-20T21:42:48","date_gmt":"2014-07-20T19:42:48","guid":{"rendered":"http:\/\/lesterrassesdelamadeleine.fr\/?page_id=44"},"modified":"2014-07-20T21:51:35","modified_gmt":"2014-07-20T19:51:35","slug":"livret-daccueil","status":"publish","type":"page","link":"https:\/\/lesterrassesdelamadeleine.fr\/?page_id=44","title":{"rendered":"Livret d&rsquo;Accueil"},"content":{"rendered":"<p><strong>Bienvenue,<\/strong><\/p>\n<p>Madame, Mademoiselle, Monsieur,<\/p>\n<p>Le Conseil Syndical et Le Syndic, heureux de vous accueillir, veillent \u00e0 maintenir un cadre de vie agr\u00e9able afin que chacun vive bien dans la R\u00e9sidence.<\/p>\n<p>La vie en collectivit\u00e9 impose des r\u00e8gles que chacun est tenu de respecter pour garantir ce cadre de vie. Ces r\u00e8gles sont pr\u00e9cis\u00e9es dans le R\u00e8glement G\u00e9n\u00e9ral de Copropri\u00e9t\u00e9, d\u2019Habitation et de Jouissance (RGCHJ).<\/p>\n<p>Vous \u00eates d\u00e9sormais nouveau r\u00e9sident et pour vous permettre de vous int\u00e9grer \u00e0 la R\u00e9sidence, le Conseil Syndical a \u00e9labor\u00e9 ce \u00ab\u00a0Livret d\u2019Accueil\u00a0\u00bb qui devrait vous apporter toutes les informations utiles.<\/p>\n<p>Sachez que le Syndic et les membres du Conseil Syndical sont \u00e0 votre \u00e9coute pour tout probl\u00e8me mais \u00e9galement pour recueillir vos suggestions afin d\u2019am\u00e9liorer la qualit\u00e9 de la R\u00e9sidence.<\/p>\n<p>Nous vous souhaitons la bienvenue \u00e0 la r\u00e9sidence des \u00ab\u00a0TERRASSES DE LA MADELEINE\u00a0\u00bb.<\/p>\n<p>Le Conseil Syndical<\/p>\n<p>Le Syndic, Lauredana ZACCARIA<\/p>\n<p>&nbsp;<\/p>\n<p><a title=\"Livret d'Accueil\" href=\"Documents\/Livaccueil.pdf\" target=\"_blank\">Vous pouvez t\u00e9l\u00e9charger ce livret d&rsquo;accueil en cliquant sur ce lien<\/a><\/p>\n<p>Le t\u00e9l\u00e9chargement peut \u00eatre assez long selon la qualit\u00e9 de votre connexion \u00a0internet<\/p>\n","protected":false},"excerpt":{"rendered":"<p>Bienvenue, Madame, Mademoiselle, Monsieur, Le Conseil Syndical et Le Syndic, heureux de vous accueillir, veillent \u00e0 maintenir un cadre de vie agr\u00e9able afin que chacun vive bien dans la R\u00e9sidence. La vie en collectivit\u00e9 impose des r\u00e8gles que chacun est &hellip; <a href=\"https:\/\/lesterrassesdelamadeleine.fr\/?page_id=44\">Continuer la lecture <span class=\"meta-nav\">&rarr;<\/span><\/a><\/p>\n","protected":false},"author":1,"featured_media":0,"parent":0,"menu_order":0,"comment_status":"open","ping_status":"open","template":"","meta":{"footnotes":""},"class_list":["post-44","page","type-page","status-publish","hentry"],"_links":{"self":[{"href":"https:\/\/lesterrassesdelamadeleine.fr\/index.php?rest_route=\/wp\/v2\/pages\/44","targetHints":{"allow":["GET"]}}],"collection":[{"href":"https:\/\/lesterrassesdelamadeleine.fr\/index.php?rest_route=\/wp\/v2\/pages"}],"about":[{"href":"https:\/\/lesterrassesdelamadeleine.fr\/index.php?rest_route=\/wp\/v2\/types\/page"}],"author":[{"embeddable":true,"href":"https:\/\/lesterrassesdelamadeleine.fr\/index.php?rest_route=\/wp\/v2\/users\/1"}],"replies":[{"embeddable":true,"href":"https:\/\/lesterrassesdelamadeleine.fr\/index.php?rest_route=%2Fwp%2Fv2%2Fcomments&post=44"}],"version-history":[{"count":2,"href":"https:\/\/lesterrassesdelamadeleine.fr\/index.php?rest_route=\/wp\/v2\/pages\/44\/revisions"}],"predecessor-version":[{"id":47,"href":"https:\/\/lesterrassesdelamadeleine.fr\/index.php?rest_route=\/wp\/v2\/pages\/44\/revisions\/47"}],"wp:attachment":[{"href":"https:\/\/lesterrassesdelamadeleine.fr\/index.php?rest_route=%2Fwp%2Fv2%2Fmedia&parent=44"}],"curies":[{"name":"wp","href":"https:\/\/api.w.org\/{rel}","templated":true}]}}