{"id":49,"date":"2014-07-20T21:57:52","date_gmt":"2014-07-20T19:57:52","guid":{"rendered":"http:\/\/lesterrassesdelamadeleine.fr\/?page_id=49"},"modified":"2014-07-21T00:27:21","modified_gmt":"2014-07-20T22:27:21","slug":"pv-dag","status":"publish","type":"page","link":"https:\/\/lesterrassesdelamadeleine.fr\/?page_id=49","title":{"rendered":"PV d&rsquo;AG"},"content":{"rendered":"<p>Vous pouvez t\u00e9l\u00e9charger ici les proc\u00e8s verbaux des derni\u00e8res Assembl\u00e9es G\u00e9n\u00e9rales, en cliquant sur le lien correspondant :<\/p>\n<p><a href=\"Documents\/PVAG%204 avril 2012.pdf\" target=\"_blank\">PV de l&rsquo;AG du 4 avril 2012<\/a><br \/>\n<a href=\"Documents\/PVAG%2029 mai 2013.pdf\" target=\"_blank\">PV de l&rsquo;AG du 29 mai 2013<\/a><br \/>\n<a href=\"Documents\/PVAG%2027 juin 2014.pdf\" target=\"_blank\">PV de l&rsquo;AG du 27 juin 2014<\/a><\/p>\n<p>Ces documents \u00e9tant assez \u00ab\u00a0lourds\u00a0\u00bb vous avez peut \u00eatre le temps de boire un caf\u00e9 pendant leur t\u00e9l\u00e9chargement.<\/p>\n","protected":false},"excerpt":{"rendered":"<p>Vous pouvez t\u00e9l\u00e9charger ici les proc\u00e8s verbaux des derni\u00e8res Assembl\u00e9es G\u00e9n\u00e9rales, en cliquant sur le lien correspondant : PV de l&rsquo;AG du 4 avril 2012 PV de l&rsquo;AG du 29 mai 2013 PV de l&rsquo;AG du 27 juin 2014 Ces &hellip; <a href=\"https:\/\/lesterrassesdelamadeleine.fr\/?page_id=49\">Continuer la lecture <span class=\"meta-nav\">&rarr;<\/span><\/a><\/p>\n","protected":false},"author":1,"featured_media":0,"parent":0,"menu_order":0,"comment_status":"open","ping_status":"open","template":"","meta":{"footnotes":""},"class_list":["post-49","page","type-page","status-publish","hentry"],"_links":{"self":[{"href":"https:\/\/lesterrassesdelamadeleine.fr\/index.php?rest_route=\/wp\/v2\/pages\/49","targetHints":{"allow":["GET"]}}],"collection":[{"href":"https:\/\/lesterrassesdelamadeleine.fr\/index.php?rest_route=\/wp\/v2\/pages"}],"about":[{"href":"https:\/\/lesterrassesdelamadeleine.fr\/index.php?rest_route=\/wp\/v2\/types\/page"}],"author":[{"embeddable":true,"href":"https:\/\/lesterrassesdelamadeleine.fr\/index.php?rest_route=\/wp\/v2\/users\/1"}],"replies":[{"embeddable":true,"href":"https:\/\/lesterrassesdelamadeleine.fr\/index.php?rest_route=%2Fwp%2Fv2%2Fcomments&post=49"}],"version-history":[{"count":5,"href":"https:\/\/lesterrassesdelamadeleine.fr\/index.php?rest_route=\/wp\/v2\/pages\/49\/revisions"}],"predecessor-version":[{"id":55,"href":"https:\/\/lesterrassesdelamadeleine.fr\/index.php?rest_route=\/wp\/v2\/pages\/49\/revisions\/55"}],"wp:attachment":[{"href":"https:\/\/lesterrassesdelamadeleine.fr\/index.php?rest_route=%2Fwp%2Fv2%2Fmedia&parent=49"}],"curies":[{"name":"wp","href":"https:\/\/api.w.org\/{rel}","templated":true}]}}